{"id":5394,"date":"2026-03-14T23:46:47","date_gmt":"2026-03-14T22:46:47","guid":{"rendered":"https:\/\/www.eurobrill.com\/sobre-nosotros\/"},"modified":"2026-05-10T18:26:37","modified_gmt":"2026-05-10T17:26:37","slug":"about-us","status":"publish","type":"page","link":"https:\/\/www.eurobrill.com\/en\/about-us\/","title":{"rendered":"About Us"},"content":{"rendered":"\t\t<div data-elementor-type=\"wp-page\" data-elementor-id=\"5394\" class=\"elementor elementor-5394\">\n\t\t\t\t<div class=\"elementor-element elementor-element-bfb0ea9 e-flex e-con-boxed e-con e-parent\" data-id=\"bfb0ea9\" data-element_type=\"container\" data-e-type=\"container\">\n\t\t\t\t\t<div class=\"e-con-inner\">\n\t\t<div class=\"elementor-element elementor-element-c3d7907 e-con-full e-flex e-con e-child\" data-id=\"c3d7907\" data-element_type=\"container\" data-e-type=\"container\">\n\t\t\t\t<div class=\"elementor-element elementor-element-a753b41 elementor-widget elementor-widget-heading\" data-id=\"a753b41\" data-element_type=\"widget\" data-e-type=\"widget\" data-widget_type=\"heading.default\">\n\t\t\t\t\t<h2 class=\"elementor-heading-title elementor-size-default\">Quality, Experience, and Innovation<\/h2>\t\t\t\t<\/div>\n\t\t\t\t<div class=\"elementor-element elementor-element-dbe17fc elementor-widget elementor-widget-text-editor\" data-id=\"dbe17fc\" data-element_type=\"widget\" data-e-type=\"widget\" data-widget_type=\"text-editor.default\">\n\t\t\t\t\t\t\t\t\t<p><strong>Eurobrill, S.L.<\/strong> was founded in 1985 by Jos\u00e9 P\u00e9rez Conesa and is currently led by his son, Pedro Antonio P\u00e9rez Jim\u00e9nez.<\/p><p>Our company specializes in cleaning services in Barcelona. We have a wide range of industrial floor scrubbers and sweepers, as well as our own logistics system for transporting equipment, which allows us to respond quickly to service requests. We have our own fleet of vehicles dedicated to managing and performing <strong>cleaning services in Barcelona<\/strong>, as well as transporting the company\u2019s heavy machinery. This includes a crane truck with a 16-meter reach, specifically designed for work at height.<\/p>\t\t\t\t\t\t\t\t<\/div>\n\t\t\t\t<\/div>\n\t\t<div class=\"elementor-element elementor-element-913a05e e-con-full e-flex e-con e-child\" data-id=\"913a05e\" data-element_type=\"container\" data-e-type=\"container\">\n\t\t\t\t<div class=\"elementor-element elementor-element-04f4c59 elementor-invisible elementor-widget elementor-widget-image\" data-id=\"04f4c59\" data-element_type=\"widget\" data-e-type=\"widget\" data-settings=\"{&quot;_animation&quot;:&quot;fadeIn&quot;}\" data-widget_type=\"image.default\">\n\t\t\t\t\t\t\t\t\t\t\t\t\t\t\t<img fetchpriority=\"high\" decoding=\"async\" width=\"634\" height=\"364\" src=\"https:\/\/www.eurobrill.com\/wp-content\/uploads\/2015\/08\/sobre-nuestra-empresa-de-limpieza-barcelona.jpg\" class=\"attachment-large size-large wp-image-2522\" alt=\"\" srcset=\"https:\/\/www.eurobrill.com\/wp-content\/uploads\/2015\/08\/sobre-nuestra-empresa-de-limpieza-barcelona.jpg 634w, https:\/\/www.eurobrill.com\/wp-content\/uploads\/2015\/08\/sobre-nuestra-empresa-de-limpieza-barcelona-300x172.jpg 300w\" sizes=\"(max-width: 634px) 100vw, 634px\" \/>\t\t\t\t\t\t\t\t\t\t\t\t\t\t\t<\/div>\n\t\t\t\t<\/div>\n\t\t\t\t\t<\/div>\n\t\t\t\t<\/div>\n\t\t<div class=\"elementor-element elementor-element-036fd83 e-flex e-con-boxed e-con e-parent\" data-id=\"036fd83\" data-element_type=\"container\" data-e-type=\"container\">\n\t\t\t\t\t<div class=\"e-con-inner\">\n\t\t\t\t<div class=\"elementor-element elementor-element-0739377 elementor-widget elementor-widget-text-editor\" data-id=\"0739377\" data-element_type=\"widget\" data-e-type=\"widget\" data-widget_type=\"text-editor.default\">\n\t\t\t\t\t\t\t\t\t<p>Our cleaning services company in Barcelona has been proud to collaborate with nonprofit organizations for several years now\u2014not merely as a matter of prestige or a way to raise our profile, but also as a means of giving back to society a portion of the profits generated by our business. Notably, we donated 1,000 kg of food collected in our community through the Food Bank and sent school supplies to several African villages.<\/p>\t\t\t\t\t\t\t\t<\/div>\n\t\t\t\t\t<\/div>\n\t\t\t\t<\/div>\n\t\t\t\t<\/div>\n\t\t","protected":false},"excerpt":{"rendered":"<p>Quality, Experience, and Innovation Eurobrill, S.L. was founded in 1985 by Jos\u00e9 P\u00e9rez Conesa and is currently led by his [&hellip;]<\/p>\n","protected":false},"author":1,"featured_media":0,"parent":0,"menu_order":0,"comment_status":"closed","ping_status":"closed","template":"","meta":{"site-sidebar-layout":"no-sidebar","site-content-layout":"plain-container","ast-site-content-layout":"full-width-container","site-content-style":"default","site-sidebar-style":"default","ast-global-header-display":"","ast-banner-title-visibility":"","ast-main-header-display":"","ast-hfb-above-header-display":"","ast-hfb-below-header-display":"","ast-hfb-mobile-header-display":"","site-post-title":"","ast-breadcrumbs-content":"","ast-featured-img":"disabled","footer-sml-layout":"","ast-disable-related-posts":"","theme-transparent-header-meta":"disabled","adv-header-id-meta":"","stick-header-meta":"","header-above-stick-meta":"","header-main-stick-meta":"","header-below-stick-meta":"","astra-migrate-meta-layouts":"set","ast-page-background-enabled":"default","ast-page-background-meta":{"desktop":{"background-color":"var(--ast-global-color-5)","background-image":"","background-repeat":"repeat","background-position":"center center","background-size":"auto","background-attachment":"scroll","background-type":"","background-media":"","overlay-type":"","overlay-color":"","overlay-opacity":"","overlay-gradient":""},"tablet":{"background-color":"","background-image":"","background-repeat":"repeat","background-position":"center center","background-size":"auto","background-attachment":"scroll","background-type":"","background-media":"","overlay-type":"","overlay-color":"","overlay-opacity":"","overlay-gradient":""},"mobile":{"background-color":"","background-image":"","background-repeat":"repeat","background-position":"center center","background-size":"auto","background-attachment":"scroll","background-type":"","background-media":"","overlay-type":"","overlay-color":"","overlay-opacity":"","overlay-gradient":""}},"ast-content-background-meta":{"desktop":{"background-color":"var(--ast-global-color-4)","background-image":"","background-repeat":"repeat","background-position":"center center","background-size":"auto","background-attachment":"scroll","background-type":"","background-media":"","overlay-type":"","overlay-color":"","overlay-opacity":"","overlay-gradient":""},"tablet":{"background-color":"var(--ast-global-color-4)","background-image":"","background-repeat":"repeat","background-position":"center center","background-size":"auto","background-attachment":"scroll","background-type":"","background-media":"","overlay-type":"","overlay-color":"","overlay-opacity":"","overlay-gradient":""},"mobile":{"background-color":"var(--ast-global-color-4)","background-image":"","background-repeat":"repeat","background-position":"center center","background-size":"auto","background-attachment":"scroll","background-type":"","background-media":"","overlay-type":"","overlay-color":"","overlay-opacity":"","overlay-gradient":""}},"footnotes":""},"class_list":["post-5394","page","type-page","status-publish","hentry"],"aioseo_notices":[],"_links":{"self":[{"href":"https:\/\/www.eurobrill.com\/en\/wp-json\/wp\/v2\/pages\/5394","targetHints":{"allow":["GET"]}}],"collection":[{"href":"https:\/\/www.eurobrill.com\/en\/wp-json\/wp\/v2\/pages"}],"about":[{"href":"https:\/\/www.eurobrill.com\/en\/wp-json\/wp\/v2\/types\/page"}],"author":[{"embeddable":true,"href":"https:\/\/www.eurobrill.com\/en\/wp-json\/wp\/v2\/users\/1"}],"replies":[{"embeddable":true,"href":"https:\/\/www.eurobrill.com\/en\/wp-json\/wp\/v2\/comments?post=5394"}],"version-history":[{"count":7,"href":"https:\/\/www.eurobrill.com\/en\/wp-json\/wp\/v2\/pages\/5394\/revisions"}],"predecessor-version":[{"id":5571,"href":"https:\/\/www.eurobrill.com\/en\/wp-json\/wp\/v2\/pages\/5394\/revisions\/5571"}],"wp:attachment":[{"href":"https:\/\/www.eurobrill.com\/en\/wp-json\/wp\/v2\/media?parent=5394"}],"curies":[{"name":"wp","href":"https:\/\/api.w.org\/{rel}","templated":true}]}}