{"id":5428,"date":"2026-03-30T20:27:08","date_gmt":"2026-03-30T19:27:08","guid":{"rendered":"https:\/\/www.eurobrill.com\/serveis\/tratamiento-y-limpieza-de-pavimentos\/"},"modified":"2026-04-26T17:45:55","modified_gmt":"2026-04-26T16:45:55","slug":"tractament-i-neteja-de-paviments","status":"publish","type":"page","link":"https:\/\/www.eurobrill.com\/ca\/serveis\/tractament-i-neteja-de-paviments\/","title":{"rendered":"Tractament i Neteja de Paviments"},"content":{"rendered":"\t\t<div data-elementor-type=\"wp-page\" data-elementor-id=\"5428\" class=\"elementor elementor-5428\">\n\t\t\t\t<div class=\"elementor-element elementor-element-5ebbee5 e-flex e-con-boxed elementor-invisible e-con e-parent\" data-id=\"5ebbee5\" data-element_type=\"container\" data-e-type=\"container\" data-settings=\"{&quot;animation&quot;:&quot;fadeIn&quot;}\">\n\t\t\t\t\t<div class=\"e-con-inner\">\n\t\t<div class=\"elementor-element elementor-element-1c487c9 e-con-full e-flex elementor-invisible e-con e-child\" data-id=\"1c487c9\" data-element_type=\"container\" data-e-type=\"container\" data-settings=\"{&quot;animation&quot;:&quot;fadeIn&quot;}\">\n\t\t<div class=\"elementor-element elementor-element-ed996ae e-con-full e-flex e-con e-child\" data-id=\"ed996ae\" data-element_type=\"container\" data-e-type=\"container\" data-settings=\"{&quot;background_background&quot;:&quot;classic&quot;}\">\n\t\t\t\t<div class=\"elementor-element elementor-element-cb6aeff elementor-widget elementor-widget-image\" data-id=\"cb6aeff\" data-element_type=\"widget\" data-e-type=\"widget\" data-widget_type=\"image.default\">\n\t\t\t\t\t\t\t\t\t\t\t\t\t\t\t<img fetchpriority=\"high\" decoding=\"async\" width=\"750\" height=\"500\" src=\"https:\/\/www.eurobrill.com\/wp-content\/uploads\/2026\/03\/limpieza-de-pavimentos_26_02.jpg\" class=\"attachment-large size-large wp-image-5078\" alt=\"\" srcset=\"https:\/\/www.eurobrill.com\/wp-content\/uploads\/2026\/03\/limpieza-de-pavimentos_26_02.jpg 750w, https:\/\/www.eurobrill.com\/wp-content\/uploads\/2026\/03\/limpieza-de-pavimentos_26_02-650x433.jpg 650w, https:\/\/www.eurobrill.com\/wp-content\/uploads\/2026\/03\/limpieza-de-pavimentos_26_02-325x217.jpg 325w\" sizes=\"(max-width: 750px) 100vw, 750px\" \/>\t\t\t\t\t\t\t\t\t\t\t\t\t\t\t<\/div>\n\t\t\t\t<\/div>\n\t\t<div class=\"elementor-element elementor-element-502fb08 e-con-full e-flex e-con e-child\" data-id=\"502fb08\" data-element_type=\"container\" data-e-type=\"container\" data-settings=\"{&quot;background_background&quot;:&quot;classic&quot;}\">\n\t\t\t\t<div class=\"elementor-element elementor-element-aaa4b57 elementor-widget elementor-widget-image\" data-id=\"aaa4b57\" data-element_type=\"widget\" data-e-type=\"widget\" data-widget_type=\"image.default\">\n\t\t\t\t\t\t\t\t\t\t\t\t\t\t\t<img decoding=\"async\" width=\"424\" height=\"283\" src=\"https:\/\/www.eurobrill.com\/wp-content\/uploads\/2016\/01\/limpieza-de-pavimentos-3.jpg\" class=\"attachment-qi_addons_for_elementor_image_size_square size-qi_addons_for_elementor_image_size_square wp-image-2452\" alt=\"\" srcset=\"https:\/\/www.eurobrill.com\/wp-content\/uploads\/2016\/01\/limpieza-de-pavimentos-3.jpg 424w, https:\/\/www.eurobrill.com\/wp-content\/uploads\/2016\/01\/limpieza-de-pavimentos-3-300x200.jpg 300w, https:\/\/www.eurobrill.com\/wp-content\/uploads\/2016\/01\/limpieza-de-pavimentos-3-60x40.jpg 60w\" sizes=\"(max-width: 424px) 100vw, 424px\" \/>\t\t\t\t\t\t\t\t\t\t\t\t\t\t\t<\/div>\n\t\t\t\t<\/div>\n\t\t<div class=\"elementor-element elementor-element-c15bfb6 e-con-full e-flex e-con e-child\" data-id=\"c15bfb6\" data-element_type=\"container\" data-e-type=\"container\" data-settings=\"{&quot;background_background&quot;:&quot;classic&quot;}\">\n\t\t\t\t<div class=\"elementor-element elementor-element-219ba3d elementor-widget elementor-widget-image\" data-id=\"219ba3d\" data-element_type=\"widget\" data-e-type=\"widget\" data-widget_type=\"image.default\">\n\t\t\t\t\t\t\t\t\t\t\t\t\t\t\t<img decoding=\"async\" width=\"750\" height=\"500\" src=\"https:\/\/www.eurobrill.com\/wp-content\/uploads\/2026\/03\/limpieza-de-pavimentos_26_01-1.jpg\" class=\"attachment-large size-large wp-image-5068\" alt=\"\" srcset=\"https:\/\/www.eurobrill.com\/wp-content\/uploads\/2026\/03\/limpieza-de-pavimentos_26_01-1.jpg 750w, https:\/\/www.eurobrill.com\/wp-content\/uploads\/2026\/03\/limpieza-de-pavimentos_26_01-1-650x433.jpg 650w, https:\/\/www.eurobrill.com\/wp-content\/uploads\/2026\/03\/limpieza-de-pavimentos_26_01-1-325x217.jpg 325w\" sizes=\"(max-width: 750px) 100vw, 750px\" \/>\t\t\t\t\t\t\t\t\t\t\t\t\t\t\t<\/div>\n\t\t\t\t<\/div>\n\t\t\t\t<\/div>\n\t\t\t\t\t<\/div>\n\t\t\t\t<\/div>\n\t\t<div class=\"elementor-element elementor-element-d49360a e-flex e-con-boxed e-con e-parent\" data-id=\"d49360a\" data-element_type=\"container\" data-e-type=\"container\">\n\t\t\t\t\t<div class=\"e-con-inner\">\n\t\t\t\t<div class=\"elementor-element elementor-element-48f01b6 elementor-widget__width-inherit elementor-widget elementor-widget-heading\" data-id=\"48f01b6\" data-element_type=\"widget\" data-e-type=\"widget\" data-widget_type=\"heading.default\">\n\t\t\t\t\t<h2 class=\"elementor-heading-title elementor-size-default\">Gran experi\u00e8ncia en paviments<\/h2>\t\t\t\t<\/div>\n\t\t\t\t<div class=\"elementor-element elementor-element-bcf407c elementor-widget elementor-widget-text-editor\" data-id=\"bcf407c\" data-element_type=\"widget\" data-e-type=\"widget\" data-widget_type=\"text-editor.default\">\n\t\t\t\t\t\t\t\t\t<p>Eurobrill\u00a0est\u00e0 especialitzada en el servei de neteja i tractament espec\u00edfic de paviments gr\u00e0cies a l&#8217;experi\u00e8ncia acumulada en els nostres anys de servei, la utilitzaci\u00f3 de la m\u00e9s moderna maquin\u00e0ria i l&#8217;aplicaci\u00f3 dels productes de m\u00e9s alta qualitat. Aix\u00f2 ens converteix en uns experts en servei de neteja i tractament de paviments, tant en l&#8217;abrillantat, fregat amb m\u00e0quina de conductor, aspirat, escombrat de grans superf\u00edcies i un altre tipus de tractaments espec\u00edfics com abrillantat de superf\u00edcies plastificades i vitrificat de superf\u00edcies.<\/p>\t\t\t\t\t\t\t\t<\/div>\n\t\t\t\t\t<\/div>\n\t\t\t\t<\/div>\n\t\t\t\t<\/div>\n\t\t","protected":false},"excerpt":{"rendered":"<p>Gran experi\u00e8ncia en paviments Eurobrill\u00a0est\u00e0 especialitzada en el servei de neteja i tractament espec\u00edfic de paviments gr\u00e0cies a l&#8217;experi\u00e8ncia acumulada [&hellip;]<\/p>\n","protected":false},"author":1,"featured_media":0,"parent":5409,"menu_order":0,"comment_status":"closed","ping_status":"closed","template":"elementor_header_footer","meta":{"site-sidebar-layout":"no-sidebar","site-content-layout":"plain-container","ast-site-content-layout":"full-width-container","site-content-style":"default","site-sidebar-style":"default","ast-global-header-display":"","ast-banner-title-visibility":"","ast-main-header-display":"","ast-hfb-above-header-display":"","ast-hfb-below-header-display":"","ast-hfb-mobile-header-display":"","site-post-title":"disabled","ast-breadcrumbs-content":"","ast-featured-img":"disabled","footer-sml-layout":"","ast-disable-related-posts":"","theme-transparent-header-meta":"default","adv-header-id-meta":"","stick-header-meta":"","header-above-stick-meta":"","header-main-stick-meta":"","header-below-stick-meta":"","astra-migrate-meta-layouts":"set","ast-page-background-enabled":"default","ast-page-background-meta":{"desktop":{"background-color":"var(--ast-global-color-5)","background-image":"","background-repeat":"repeat","background-position":"center center","background-size":"auto","background-attachment":"scroll","background-type":"","background-media":"","overlay-type":"","overlay-color":"","overlay-opacity":"","overlay-gradient":""},"tablet":{"background-color":"","background-image":"","background-repeat":"repeat","background-position":"center center","background-size":"auto","background-attachment":"scroll","background-type":"","background-media":"","overlay-type":"","overlay-color":"","overlay-opacity":"","overlay-gradient":""},"mobile":{"background-color":"","background-image":"","background-repeat":"repeat","background-position":"center center","background-size":"auto","background-attachment":"scroll","background-type":"","background-media":"","overlay-type":"","overlay-color":"","overlay-opacity":"","overlay-gradient":""}},"ast-content-background-meta":{"desktop":{"background-color":"var(--ast-global-color-4)","background-image":"","background-repeat":"repeat","background-position":"center center","background-size":"auto","background-attachment":"scroll","background-type":"","background-media":"","overlay-type":"","overlay-color":"","overlay-opacity":"","overlay-gradient":""},"tablet":{"background-color":"var(--ast-global-color-4)","background-image":"","background-repeat":"repeat","background-position":"center center","background-size":"auto","background-attachment":"scroll","background-type":"","background-media":"","overlay-type":"","overlay-color":"","overlay-opacity":"","overlay-gradient":""},"mobile":{"background-color":"var(--ast-global-color-4)","background-image":"","background-repeat":"repeat","background-position":"center center","background-size":"auto","background-attachment":"scroll","background-type":"","background-media":"","overlay-type":"","overlay-color":"","overlay-opacity":"","overlay-gradient":""}},"footnotes":""},"class_list":["post-5428","page","type-page","status-publish","hentry"],"aioseo_notices":[],"_links":{"self":[{"href":"https:\/\/www.eurobrill.com\/ca\/wp-json\/wp\/v2\/pages\/5428","targetHints":{"allow":["GET"]}}],"collection":[{"href":"https:\/\/www.eurobrill.com\/ca\/wp-json\/wp\/v2\/pages"}],"about":[{"href":"https:\/\/www.eurobrill.com\/ca\/wp-json\/wp\/v2\/types\/page"}],"author":[{"embeddable":true,"href":"https:\/\/www.eurobrill.com\/ca\/wp-json\/wp\/v2\/users\/1"}],"replies":[{"embeddable":true,"href":"https:\/\/www.eurobrill.com\/ca\/wp-json\/wp\/v2\/comments?post=5428"}],"version-history":[{"count":4,"href":"https:\/\/www.eurobrill.com\/ca\/wp-json\/wp\/v2\/pages\/5428\/revisions"}],"predecessor-version":[{"id":5433,"href":"https:\/\/www.eurobrill.com\/ca\/wp-json\/wp\/v2\/pages\/5428\/revisions\/5433"}],"up":[{"embeddable":true,"href":"https:\/\/www.eurobrill.com\/ca\/wp-json\/wp\/v2\/pages\/5409"}],"wp:attachment":[{"href":"https:\/\/www.eurobrill.com\/ca\/wp-json\/wp\/v2\/media?parent=5428"}],"curies":[{"name":"wp","href":"https:\/\/api.w.org\/{rel}","templated":true}]}}