{"id":5415,"date":"2026-03-29T20:54:42","date_gmt":"2026-03-29T19:54:42","guid":{"rendered":"https:\/\/www.eurobrill.com\/serveis\/servicios-de-mantenimiento\/"},"modified":"2026-04-26T17:20:24","modified_gmt":"2026-04-26T16:20:24","slug":"serveis-de-manteniment","status":"publish","type":"page","link":"https:\/\/www.eurobrill.com\/ca\/serveis\/serveis-de-manteniment\/","title":{"rendered":"Serveis de Manteniment"},"content":{"rendered":"\t\t<div data-elementor-type=\"wp-page\" data-elementor-id=\"5415\" class=\"elementor elementor-5415\">\n\t\t\t\t<div class=\"elementor-element elementor-element-5ebbee5 e-flex e-con-boxed elementor-invisible e-con e-parent\" data-id=\"5ebbee5\" data-element_type=\"container\" data-e-type=\"container\" data-settings=\"{&quot;animation&quot;:&quot;fadeIn&quot;}\">\n\t\t\t\t\t<div class=\"e-con-inner\">\n\t\t<div class=\"elementor-element elementor-element-6332aa4 e-con-full e-flex e-con e-child\" data-id=\"6332aa4\" data-element_type=\"container\" data-e-type=\"container\" data-settings=\"{&quot;background_background&quot;:&quot;classic&quot;}\">\n\t\t\t\t<div class=\"elementor-element elementor-element-4aeb76f elementor-widget elementor-widget-image\" data-id=\"4aeb76f\" data-element_type=\"widget\" data-e-type=\"widget\" data-widget_type=\"image.default\">\n\t\t\t\t\t\t\t\t\t\t\t\t\t\t\t<img fetchpriority=\"high\" decoding=\"async\" width=\"700\" height=\"394\" src=\"https:\/\/www.eurobrill.com\/wp-content\/uploads\/2015\/08\/empresa-limpieza-mantenimiento.png\" class=\"attachment-large size-large wp-image-2559\" alt=\"\" srcset=\"https:\/\/www.eurobrill.com\/wp-content\/uploads\/2015\/08\/empresa-limpieza-mantenimiento.png 700w, https:\/\/www.eurobrill.com\/wp-content\/uploads\/2015\/08\/empresa-limpieza-mantenimiento-300x169.png 300w\" sizes=\"(max-width: 700px) 100vw, 700px\" \/>\t\t\t\t\t\t\t\t\t\t\t\t\t\t\t<\/div>\n\t\t\t\t<\/div>\n\t\t<div class=\"elementor-element elementor-element-4e711c2 e-con-full e-flex e-con e-child\" data-id=\"4e711c2\" data-element_type=\"container\" data-e-type=\"container\" data-settings=\"{&quot;background_background&quot;:&quot;classic&quot;}\">\n\t\t\t\t<div class=\"elementor-element elementor-element-2b635b1 elementor-widget elementor-widget-image\" data-id=\"2b635b1\" data-element_type=\"widget\" data-e-type=\"widget\" data-widget_type=\"image.default\">\n\t\t\t\t\t\t\t\t\t\t\t\t\t\t\t<img decoding=\"async\" width=\"700\" height=\"394\" src=\"https:\/\/www.eurobrill.com\/wp-content\/uploads\/2015\/08\/limpieza-mantenimiento.png\" class=\"attachment-large size-large wp-image-2536\" alt=\"\" srcset=\"https:\/\/www.eurobrill.com\/wp-content\/uploads\/2015\/08\/limpieza-mantenimiento.png 700w, https:\/\/www.eurobrill.com\/wp-content\/uploads\/2015\/08\/limpieza-mantenimiento-300x169.png 300w\" sizes=\"(max-width: 700px) 100vw, 700px\" \/>\t\t\t\t\t\t\t\t\t\t\t\t\t\t\t<\/div>\n\t\t\t\t<\/div>\n\t\t\t\t\t<\/div>\n\t\t\t\t<\/div>\n\t\t<div class=\"elementor-element elementor-element-d49360a e-flex e-con-boxed e-con e-parent\" data-id=\"d49360a\" data-element_type=\"container\" data-e-type=\"container\">\n\t\t\t\t\t<div class=\"e-con-inner\">\n\t\t\t\t<div class=\"elementor-element elementor-element-48f01b6 elementor-widget__width-inherit elementor-widget elementor-widget-heading\" data-id=\"48f01b6\" data-element_type=\"widget\" data-e-type=\"widget\" data-widget_type=\"heading.default\">\n\t\t\t\t\t<h2 class=\"elementor-heading-title elementor-size-default\">Neteja integral<\/h2>\t\t\t\t<\/div>\n\t\t\t\t<div class=\"elementor-element elementor-element-bcf407c elementor-widget elementor-widget-text-editor\" data-id=\"bcf407c\" data-element_type=\"widget\" data-e-type=\"widget\" data-widget_type=\"text-editor.default\">\n\t\t\t\t\t\t\t\t\t<p>Eurobrill\u00a0compta amb personal qualificat i en constant formaci\u00f3 per a la realitzaci\u00f3 dels nostres serveis de neteja a Barcelona de la forma m\u00e9s \u00f2ptima i amb els resultats m\u00e9s satisfactoris per als nostres clients. Realitzem el servei de neteja en oficines, centres escolars, neteja de murs cortina i finestres, neteja de p\u00e0rquings i neteges industrials a Barcelona.<br \/><br \/>Som especialistes en serveis de neteja de cristalls, tant a l&#8217;interior com en l&#8217;exterior de la seva empresa o resid\u00e8ncia. A m\u00e9s, comptem amb una gran log\u00edstica per a poder realitzar un servei de neteja tamb\u00e9 en altura; aquestes tasques les realitzem gr\u00e0cies al nostre cami\u00f3 grua propi de fins a 16 metres d&#8217;altura.<\/p>\t\t\t\t\t\t\t\t<\/div>\n\t\t\t\t\t<\/div>\n\t\t\t\t<\/div>\n\t\t\t\t<\/div>\n\t\t","protected":false},"excerpt":{"rendered":"<p>Neteja integral Eurobrill\u00a0compta amb personal qualificat i en constant formaci\u00f3 per a la realitzaci\u00f3 dels nostres serveis de neteja a [&hellip;]<\/p>\n","protected":false},"author":1,"featured_media":0,"parent":5409,"menu_order":0,"comment_status":"closed","ping_status":"closed","template":"elementor_header_footer","meta":{"site-sidebar-layout":"no-sidebar","site-content-layout":"plain-container","ast-site-content-layout":"full-width-container","site-content-style":"default","site-sidebar-style":"default","ast-global-header-display":"","ast-banner-title-visibility":"","ast-main-header-display":"","ast-hfb-above-header-display":"","ast-hfb-below-header-display":"","ast-hfb-mobile-header-display":"","site-post-title":"disabled","ast-breadcrumbs-content":"","ast-featured-img":"disabled","footer-sml-layout":"","ast-disable-related-posts":"","theme-transparent-header-meta":"default","adv-header-id-meta":"","stick-header-meta":"","header-above-stick-meta":"","header-main-stick-meta":"","header-below-stick-meta":"","astra-migrate-meta-layouts":"set","ast-page-background-enabled":"default","ast-page-background-meta":{"desktop":{"background-color":"var(--ast-global-color-5)","background-image":"","background-repeat":"repeat","background-position":"center center","background-size":"auto","background-attachment":"scroll","background-type":"","background-media":"","overlay-type":"","overlay-color":"","overlay-opacity":"","overlay-gradient":""},"tablet":{"background-color":"","background-image":"","background-repeat":"repeat","background-position":"center center","background-size":"auto","background-attachment":"scroll","background-type":"","background-media":"","overlay-type":"","overlay-color":"","overlay-opacity":"","overlay-gradient":""},"mobile":{"background-color":"","background-image":"","background-repeat":"repeat","background-position":"center center","background-size":"auto","background-attachment":"scroll","background-type":"","background-media":"","overlay-type":"","overlay-color":"","overlay-opacity":"","overlay-gradient":""}},"ast-content-background-meta":{"desktop":{"background-color":"var(--ast-global-color-4)","background-image":"","background-repeat":"repeat","background-position":"center center","background-size":"auto","background-attachment":"scroll","background-type":"","background-media":"","overlay-type":"","overlay-color":"","overlay-opacity":"","overlay-gradient":""},"tablet":{"background-color":"var(--ast-global-color-4)","background-image":"","background-repeat":"repeat","background-position":"center center","background-size":"auto","background-attachment":"scroll","background-type":"","background-media":"","overlay-type":"","overlay-color":"","overlay-opacity":"","overlay-gradient":""},"mobile":{"background-color":"var(--ast-global-color-4)","background-image":"","background-repeat":"repeat","background-position":"center center","background-size":"auto","background-attachment":"scroll","background-type":"","background-media":"","overlay-type":"","overlay-color":"","overlay-opacity":"","overlay-gradient":""}},"footnotes":""},"class_list":["post-5415","page","type-page","status-publish","hentry"],"aioseo_notices":[],"_links":{"self":[{"href":"https:\/\/www.eurobrill.com\/ca\/wp-json\/wp\/v2\/pages\/5415","targetHints":{"allow":["GET"]}}],"collection":[{"href":"https:\/\/www.eurobrill.com\/ca\/wp-json\/wp\/v2\/pages"}],"about":[{"href":"https:\/\/www.eurobrill.com\/ca\/wp-json\/wp\/v2\/types\/page"}],"author":[{"embeddable":true,"href":"https:\/\/www.eurobrill.com\/ca\/wp-json\/wp\/v2\/users\/1"}],"replies":[{"embeddable":true,"href":"https:\/\/www.eurobrill.com\/ca\/wp-json\/wp\/v2\/comments?post=5415"}],"version-history":[{"count":4,"href":"https:\/\/www.eurobrill.com\/ca\/wp-json\/wp\/v2\/pages\/5415\/revisions"}],"predecessor-version":[{"id":5420,"href":"https:\/\/www.eurobrill.com\/ca\/wp-json\/wp\/v2\/pages\/5415\/revisions\/5420"}],"up":[{"embeddable":true,"href":"https:\/\/www.eurobrill.com\/ca\/wp-json\/wp\/v2\/pages\/5409"}],"wp:attachment":[{"href":"https:\/\/www.eurobrill.com\/ca\/wp-json\/wp\/v2\/media?parent=5415"}],"curies":[{"name":"wp","href":"https:\/\/api.w.org\/{rel}","templated":true}]}}