{"id":5369,"date":"2026-04-06T18:34:16","date_gmt":"2026-04-06T17:34:16","guid":{"rendered":"https:\/\/www.eurobrill.com\/politica-de-privacidad\/"},"modified":"2026-04-26T10:30:22","modified_gmt":"2026-04-26T09:30:22","slug":"politica-de-privacitat","status":"publish","type":"page","link":"https:\/\/www.eurobrill.com\/ca\/politica-de-privacitat\/","title":{"rendered":"Pol\u00edtica de Privacitat"},"content":{"rendered":"\t\t<div data-elementor-type=\"wp-page\" data-elementor-id=\"5369\" class=\"elementor elementor-5369\">\n\t\t\t\t<div class=\"elementor-element elementor-element-bfb0ea9 legal-cont e-flex e-con-boxed e-con e-parent\" data-id=\"bfb0ea9\" data-element_type=\"container\" data-e-type=\"container\">\n\t\t\t\t\t<div class=\"e-con-inner\">\n\t\t<div class=\"elementor-element elementor-element-913a05e e-con-full eb-contact-form e-flex e-con e-child\" data-id=\"913a05e\" data-element_type=\"container\" data-e-type=\"container\">\n\t\t\t\t<div class=\"elementor-element elementor-element-bf16885 elementor-widget elementor-widget-heading\" data-id=\"bf16885\" data-element_type=\"widget\" data-e-type=\"widget\" data-widget_type=\"heading.default\">\n\t\t\t\t\t<h3 class=\"elementor-heading-title elementor-size-default\">Pol\u00edtica de Privacitat\n<\/h3>\t\t\t\t<\/div>\n\t\t\t\t<div class=\"elementor-element elementor-element-dbe17fc elementor-widget elementor-widget-text-editor\" data-id=\"dbe17fc\" data-element_type=\"widget\" data-e-type=\"widget\" data-widget_type=\"text-editor.default\">\n\t\t\t\t\t\t\t\t\t<p><strong>Responsable del tractament<\/strong><br \/>Ra\u00f3 social: EUROBRILL, S.L.<br \/>NIF: B-59549063<br \/>Domicili: C\/ Doctor Fleming, 3-5 \u00b7 08184 Palau Solit\u00e0 i Plegamans (Barcelona)<br \/>E-mail: <a href=\"mailto:info@eurobrill.com\">info@eurobrill.com<\/a><br \/>Web: <a href=\"https:\/\/www.eurobrill.com\">www.eurobrill.com<\/a><br \/>Registre Mercantil de Barcelona, Tom 20545, Foli 209, Full B-8923, Inscripci\u00f3 1a<br \/><strong><br \/>Finalitat del tractament<\/strong><br \/>Les dades personals facilitades a trav\u00e9s dels formularis d&#8217;aquest web seran tractades per a les finalitats seg\u00fcents:<br \/>\u2014 Gestionar i tramitar les sol\u00b7licituds, enc\u00e0rrecs o peticions realitzades per l&#8217;usuari.<br \/>\u2014 Realitzar estudis estad\u00edstics.<br \/>\u2014 Enviar comunicacions comercials, \u00fanicament si l&#8217;usuari ha prestat el seu consentiment previ i expr\u00e9s.<br \/><strong><br \/>Base legal del tractament<\/strong><br \/>El tractament de les vostres dades es basa en:<br \/>\u2014 El consentiment de l&#8217;usuari, per a l&#8217;enviament de comunicacions comercials.<br \/>\u2014 L&#8217;execuci\u00f3 d&#8217;una relaci\u00f3 precontractual o contractual, per a la gesti\u00f3 de sol\u00b7licituds i comandes.<br \/>\u2014 L&#8217;inter\u00e8s leg\u00edtim d&#8217;EUROBRILL, S.L., per a la realitzaci\u00f3 d&#8217;estudis estad\u00edstics.<br \/><strong><br \/>Destinataris<\/strong><br \/>EUROBRILL, S.L. no cedir\u00e0 les vostres dades personals a tercers, llevat d&#8217;obligaci\u00f3 legal. En cap cas es vendran les vostres dades a tercers.<br \/><strong><br \/>Conservaci\u00f3 de les dades<\/strong><br \/>Les dades es conservaran durant el temps necessari per complir amb la finalitat per a la qual van ser recollides i per atendre les possibles responsabilitats legals derivades del seu tractament.<br \/><strong><br \/>Drets de l&#8217;usuari<\/strong><br \/>De conformitat amb el Reglament (UE) 2016\/679 (RGPD) i la Llei Org\u00e0nica 3\/2018 (LOPDGDD), l&#8217;usuari pot exercir els drets seg\u00fcents:<br \/>\u2014 <strong>Acc\u00e9s:<\/strong> con\u00e8ixer quines dades personals estan sent tractades.<br \/>\u2014 <strong>Rectificaci\u00f3:<\/strong> sol\u00b7licitar la correcci\u00f3 de dades inexactes.<br \/>\u2014 <strong>Supressi\u00f3:<\/strong> sol\u00b7licitar l&#8217;eliminaci\u00f3 de les seves dades quan ja no siguin necess\u00e0ries.<br \/>\u2014 <strong>Limitaci\u00f3:<\/strong> sol\u00b7licitar la restricci\u00f3 del tractament en determinades circumst\u00e0ncies.<br \/>\u2014 <strong>Portabilitat:<\/strong> rebre les seves dades en un format estructurat i d&#8217;\u00fas com\u00fa.<br \/>\u2014 <strong>Oposici\u00f3:<\/strong> oposar-se al tractament de les seves dades en determinades circumst\u00e0ncies.<br \/>\u2014 <strong>Retirada del consentiment:<\/strong> en qualsevol moment, sense que aix\u00f2 afecti la licitud del tractament previ.<br \/><br \/>Per exercir aquests drets, l&#8217;usuari pot adre\u00e7ar-se a:<br \/>E-mail: <a href=\"mailto:info@eurobrill.com\">info@eurobrill.com<\/a><br \/>Correu postal: C\/ Doctor Fleming, 3-5 \u00b7 08184 Palau Solit\u00e0 i Plegamans (Barcelona)<br \/>Haur\u00e0 d&#8217;acompanyar la seva sol\u00b7licitud d&#8217;una c\u00f2pia del seu DNI o un altre document acreditatiu de la seva identitat.<br \/>Aix\u00ed mateix, si considera que el tractament de les seves dades no \u00e9s conforme a la normativa vigent, t\u00e9 dret a presentar una reclamaci\u00f3 davant l&#8217;<strong>Ag\u00e8ncia Espanyola de Protecci\u00f3 de Dades (AEPD)<\/strong>: <a href=\"https:\/\/www.aepd.es\">www.aepd.es<\/a><br \/><strong><br \/>Seguretat<\/strong><br \/>EUROBRILL, S.L. ha adoptat les mesures t\u00e8cniques i organitzatives necess\u00e0ries per garantir la seguretat i la integritat de les dades personals tractades, i per evitar-ne la p\u00e8rdua, alteraci\u00f3 o acc\u00e9s per part de tercers no autoritzats.<br \/><strong><br \/>Propietat industrial i intel\u00b7lectual<\/strong><br \/>Aquest web \u00e9s propietat d&#8217;EUROBRILL, S.L. Tots els drets de propietat intel\u00b7lectual i industrial sobre els seus continguts \u2014incloent-hi textos, imatges, gr\u00e0fics, logotips, dissenys i codi font\u2014 s\u00f3n titularitat exclusiva d&#8217;EUROBRILL, S.L. o de tercers que n&#8217;han autoritzat l&#8217;\u00fas.<br \/>Queda expressament prohibida la reproducci\u00f3, distribuci\u00f3, comunicaci\u00f3 p\u00fablica o transformaci\u00f3 de qualsevol contingut d&#8217;aquest web sense autoritzaci\u00f3 pr\u00e8via i per escrit d&#8217;EUROBRILL, S.L.<br \/>Es permet \u00fanicament la desc\u00e0rrega, c\u00f2pia o impressi\u00f3 de continguts per a \u00fas personal i privat.<br \/>EUROBRILL, S.L. no es responsabilitza dels continguts de webs de tercers accessibles mitjan\u00e7ant enlla\u00e7os des d&#8217;aquest web. L&#8217;acc\u00e9s a aquests webs es realitza per voluntat i risc exclusiu de l&#8217;usuari.<br \/><strong><br \/>Llei aplicable i jurisdicci\u00f3<\/strong><br \/>La llei aplicable en cas de disputa o conflicte relacionat amb aquest web i els seus serveis ser\u00e0 la legislaci\u00f3 espanyola. Per a la resoluci\u00f3 de conflictes, les parts se sotmeten als jutjats i tribunals competents d&#8217;acord amb la normativa vigent.<\/p>\t\t\t\t\t\t\t\t<\/div>\n\t\t\t\t<\/div>\n\t\t\t\t\t<\/div>\n\t\t\t\t<\/div>\n\t\t\t\t<\/div>\n\t\t","protected":false},"excerpt":{"rendered":"<p>Pol\u00edtica de Privacitat Responsable del tractament Ra\u00f3 social: EUROBRILL, S.L. NIF: B-59549063 Domicili: C\/ Doctor Fleming, 3-5 \u00b7 08184 Palau [&hellip;]<\/p>\n","protected":false},"author":1,"featured_media":0,"parent":0,"menu_order":0,"comment_status":"closed","ping_status":"closed","template":"","meta":{"site-sidebar-layout":"no-sidebar","site-content-layout":"plain-container","ast-site-content-layout":"full-width-container","site-content-style":"default","site-sidebar-style":"default","ast-global-header-display":"","ast-banner-title-visibility":"","ast-main-header-display":"","ast-hfb-above-header-display":"","ast-hfb-below-header-display":"","ast-hfb-mobile-header-display":"","site-post-title":"","ast-breadcrumbs-content":"","ast-featured-img":"disabled","footer-sml-layout":"","ast-disable-related-posts":"","theme-transparent-header-meta":"disabled","adv-header-id-meta":"","stick-header-meta":"","header-above-stick-meta":"","header-main-stick-meta":"","header-below-stick-meta":"","astra-migrate-meta-layouts":"set","ast-page-background-enabled":"default","ast-page-background-meta":{"desktop":{"background-color":"var(--ast-global-color-5)","background-image":"","background-repeat":"repeat","background-position":"center center","background-size":"auto","background-attachment":"scroll","background-type":"","background-media":"","overlay-type":"","overlay-color":"","overlay-opacity":"","overlay-gradient":""},"tablet":{"background-color":"","background-image":"","background-repeat":"repeat","background-position":"center center","background-size":"auto","background-attachment":"scroll","background-type":"","background-media":"","overlay-type":"","overlay-color":"","overlay-opacity":"","overlay-gradient":""},"mobile":{"background-color":"","background-image":"","background-repeat":"repeat","background-position":"center center","background-size":"auto","background-attachment":"scroll","background-type":"","background-media":"","overlay-type":"","overlay-color":"","overlay-opacity":"","overlay-gradient":""}},"ast-content-background-meta":{"desktop":{"background-color":"var(--ast-global-color-4)","background-image":"","background-repeat":"repeat","background-position":"center center","background-size":"auto","background-attachment":"scroll","background-type":"","background-media":"","overlay-type":"","overlay-color":"","overlay-opacity":"","overlay-gradient":""},"tablet":{"background-color":"var(--ast-global-color-4)","background-image":"","background-repeat":"repeat","background-position":"center center","background-size":"auto","background-attachment":"scroll","background-type":"","background-media":"","overlay-type":"","overlay-color":"","overlay-opacity":"","overlay-gradient":""},"mobile":{"background-color":"var(--ast-global-color-4)","background-image":"","background-repeat":"repeat","background-position":"center center","background-size":"auto","background-attachment":"scroll","background-type":"","background-media":"","overlay-type":"","overlay-color":"","overlay-opacity":"","overlay-gradient":""}},"footnotes":""},"class_list":["post-5369","page","type-page","status-publish","hentry"],"aioseo_notices":[],"_links":{"self":[{"href":"https:\/\/www.eurobrill.com\/ca\/wp-json\/wp\/v2\/pages\/5369","targetHints":{"allow":["GET"]}}],"collection":[{"href":"https:\/\/www.eurobrill.com\/ca\/wp-json\/wp\/v2\/pages"}],"about":[{"href":"https:\/\/www.eurobrill.com\/ca\/wp-json\/wp\/v2\/types\/page"}],"author":[{"embeddable":true,"href":"https:\/\/www.eurobrill.com\/ca\/wp-json\/wp\/v2\/users\/1"}],"replies":[{"embeddable":true,"href":"https:\/\/www.eurobrill.com\/ca\/wp-json\/wp\/v2\/comments?post=5369"}],"version-history":[{"count":14,"href":"https:\/\/www.eurobrill.com\/ca\/wp-json\/wp\/v2\/pages\/5369\/revisions"}],"predecessor-version":[{"id":5385,"href":"https:\/\/www.eurobrill.com\/ca\/wp-json\/wp\/v2\/pages\/5369\/revisions\/5385"}],"wp:attachment":[{"href":"https:\/\/www.eurobrill.com\/ca\/wp-json\/wp\/v2\/media?parent=5369"}],"curies":[{"name":"wp","href":"https:\/\/api.w.org\/{rel}","templated":true}]}}